{"id":1705,"date":"2022-12-20T18:56:17","date_gmt":"2022-12-20T18:56:17","guid":{"rendered":"https:\/\/wildnishaus.cloudproud.nl\/?page_id=1705"},"modified":"2023-02-07T13:38:33","modified_gmt":"2023-02-07T13:38:33","slug":"impressum","status":"publish","type":"page","link":"https:\/\/wildnishaus.de\/nl\/impressum\/","title":{"rendered":"Impressum"},"content":{"rendered":"<p>[et_pb_section fb_built=&#8221;1&#8243; custom_padding_last_edited=&#8221;on|tablet&#8221; _builder_version=&#8221;4.19.2&#8243; _module_preset=&#8221;default&#8221; custom_margin=&#8221;0px||0px||true|false&#8221; custom_padding=&#8221;200px||200px||true|false&#8221; custom_padding_tablet=&#8221;40px||40px||true|false&#8221; custom_padding_phone=&#8221;30px||30px||true|false&#8221; da_disable_devices=&#8221;off|off|off&#8221; global_colors_info=&#8221;{}&#8221; da_is_popup=&#8221;off&#8221; da_exit_intent=&#8221;off&#8221; da_has_close=&#8221;on&#8221; da_alt_close=&#8221;off&#8221; da_dark_close=&#8221;off&#8221; da_not_modal=&#8221;on&#8221; da_is_singular=&#8221;off&#8221; da_with_loader=&#8221;off&#8221; da_has_shadow=&#8221;on&#8221;][et_pb_row _builder_version=&#8221;4.18.0&#8243; _module_preset=&#8221;default&#8221; custom_margin=&#8221;0px||0px||true|false&#8221; custom_padding=&#8221;0px||0px||true|false&#8221; animation_style=&#8221;fade&#8221; animation_direction=&#8221;bottom&#8221; animation_duration=&#8221;800ms&#8221; global_colors_info=&#8221;{}&#8221;][et_pb_column type=&#8221;4_4&#8243; _builder_version=&#8221;4.18.0&#8243; _module_preset=&#8221;default&#8221; global_colors_info=&#8221;{}&#8221;][et_pb_text _builder_version=&#8221;4.19.4&#8243; _module_preset=&#8221;default&#8221; custom_margin=&#8221;0px||0px||true|false&#8221; custom_padding=&#8221;0px||0px||true|false&#8221; hover_enabled=&#8221;0&#8243; global_colors_info=&#8221;{}&#8221; sticky_enabled=&#8221;0&#8243;]<\/p>\n<h1 class=\"uk-margin-top\">Impressum<\/h1>\n<p><strong>Angaben gem. \u00a7 5 TMG:<\/strong><br \/><strong>Wildnishaus Ferienhaus Heimbach<\/strong><br \/><strong>\u00dcber Rur 100<\/strong><br \/><strong>52396 Heimbach<\/strong><\/p>\n<p><strong>Gesch\u00e4ftsf\u00fchrer:<\/strong><br \/>Gerrit Berend (Gerwin) Ubels<\/p>\n<p>Amtsgericht D\u00fcren<br \/>USt-IdNr.: DE323435905<\/p>\n<p><strong>Kontakt:<\/strong><br \/>Tel.: 02446 8098535<br \/>Handy: 0031 (0)610577352<br \/>E-Mail:\u00a0<a href=\"mailto:info@wildnishaus.de\">info@wildnishaus.de<\/a><br \/>Homepage:\u00a0<a href=\"http:\/\/wildnishaus.de\/\">www.wildnishaus.de<\/a><\/p>\n<p><strong>Streitschlichtung<\/strong><br \/>Die europ\u00e4ische Kommission stellt eine Plattform zur Online-Streitbeteiligung (OS) bereit: https:\/\/ec.europa.eu\/consumers\/odr. Unsere E-Mail Adresse finden Sie oben im Impressum. Wir sind nicht bereit oder verpflichtet, an Streitbeteiligungsverfahren vor einer Verbraucherschlichtungsstelle teilzunehmen.<\/p>\n<p><strong>Haftung f\u00fcr Inhalte<\/strong><br \/>Die Inhalte unserer Seiten wurden mit gr\u00f6\u00dfter Sorgfalt erstellt. F\u00fcr die Richtigkeit, Vollst\u00e4ndigkeit und Aktualit\u00e4t der Inhalte k\u00f6nnen wir jedoch keine Gew\u00e4hr \u00fcbernehmen.<br \/>Als Diensteanbieter sind wir gem\u00e4\u00df \u00a7 6 Abs.1 MDStV und \u00a7 8 Abs.1 TDG f\u00fcr eigene Inhalte auf diesen Seiten nach den allgemeinen Gesetzen verantwortlich. Diensteanbieter sind jedoch nicht verpflichtet, die von ihnen \u00fcbermittelten oder gespeicherten fremden Informationen zu \u00fcberwachen oder nach Umst\u00e4nden zu forschen, die auf eine rechtswidrige T\u00e4tigkeit hinweisen. Verpflichtungen zur Entfernung oder Sperrung der Nutzung von Informationen nach den allgemeinen Gesetzen bleiben hiervon unber\u00fchrt. Eine diesbez\u00fcgliche Haftung ist jedoch erst ab dem Zeitpunkt der Kenntnis einer konkreten Rechtsverletzung m\u00f6glich. Bei bekannt werden von entsprechenden Rechtsverletzungen werden wir diese Inhalte umgehend entfernen.<\/p>\n<p><strong>Haftung f\u00fcr Links<\/strong><br \/>Unser Angebot enth\u00e4lt Links zu externen Webseiten Dritter, auf deren Inhalte wir keinen Einfluss haben. Deshalb k\u00f6nnen wir f\u00fcr diese fremden Inhalte auch keine Gew\u00e4hr \u00fcbernehmen. F\u00fcr die Inhalte der verlinkten Seiten ist stets der jeweilige Anbieter oder Betreiber der Seiten verantwortlich. Die verlinkten Seiten wurden zum Zeitpunkt der Verlinkung auf m\u00f6gliche Rechtsverst\u00f6\u00dfe \u00fcberpr\u00fcft. Rechtswidrige Inhalte waren zum Zeitpunkt der Verlinkung nicht erkennbar. Eine permanente inhaltliche Kontrolle der verlinkten Seiten ist jedoch ohne konkrete Anhaltspunkte einer Rechtsverletzung nicht zumutbar. Bei bekannt werden von Rechtsverletzungen werden wir derartige Links umgehend entfernen.<\/p>\n<p><strong>Urheberrecht<\/strong><br \/>Die Betreiber der Seiten sind bem\u00fcht, stets die Urheberrechte anderer zu beachten bzw. auf selbst erstellte sowie lizenzfreie Werke zur\u00fcckzugreifen.<br \/>Die durch die Seitenbetreiber erstellten Inhalte und Werke auf diesen Seiten unterliegen dem deutschen Urheberrecht. Beitr\u00e4ge Dritter sind als solche gekennzeichnet. Die Vervielf\u00e4ltigung, Bearbeitung, Verbreitung und jede Art der Verwertung au\u00dferhalb der Grenzen des Urheberrechtes bed\u00fcrfen der schriftlichen Zustimmung der Wildnishaus Heimbach. Downloads und Kopien dieser Seite sind nur f\u00fcr den privaten, nicht kommerziellen Gebrauch gestattet.<\/p>\n<p><strong>Datenschutzerkl\u00e4rung gem\u00e4\u00df \u00a7 4 Abs. 1 TDDSG<\/strong><br \/>Soweit auf unseren Seiten personenbezogene Daten (beispielsweise Name, Anschrift oder eMail-Adressen) erhoben werden, erfolgt dies soweit m\u00f6glich stets auf freiwilliger Basis. Die Nutzung der Angebote und Dienste ist, soweit m\u00f6glich, stets ohne Angabe personenbezogener Daten m\u00f6glich.<br \/>Der Nutzung von im Rahmen der Impressumspflicht ver\u00f6ffentlichten Kontaktdaten durch Dritte zur \u00fcbersendung von nicht ausdr\u00fccklich angeforderter Werbung und Informationsmaterialien wird hiermit ausdr\u00fccklich widersprochen. Die Betreiber der Seiten behalten sich ausdr\u00fccklich rechtliche Schritte im Falle der unverlangten Zusendung von Werbeinformationen, etwa durch Spam-Mails, vor.<\/p>\n<p>[\/et_pb_text][\/et_pb_column][\/et_pb_row][\/et_pb_section]<\/p>\n","protected":false},"excerpt":{"rendered":"<p>Impressum Angaben gem. \u00a7 5 TMG:Wildnishaus Ferienhaus Heimbach\u00dcber Rur 10052396 Heimbach Gesch\u00e4ftsf\u00fchrer:Gerrit Berend (Gerwin) Ubels Amtsgericht D\u00fcrenUSt-IdNr.: DE323435905 Kontakt:Tel.: 02446 8098535Handy: 0031 (0)610577352E-Mail:\u00a0info@wildnishaus.deHomepage:\u00a0www.wildnishaus.de StreitschlichtungDie europ\u00e4ische Kommission stellt eine Plattform zur Online-Streitbeteiligung (OS) bereit: https:\/\/ec.europa.eu\/consumers\/odr. Unsere E-Mail Adresse finden Sie oben im Impressum. Wir sind nicht bereit oder verpflichtet, an Streitbeteiligungsverfahren vor einer Verbraucherschlichtungsstelle teilzunehmen. Haftung [&hellip;]<\/p>\n","protected":false},"author":1,"featured_media":33,"parent":0,"menu_order":11,"comment_status":"closed","ping_status":"closed","template":"","meta":{"_et_pb_use_builder":"on","_et_pb_old_content":"","_et_gb_content_width":"","inline_featured_image":false,"footnotes":""},"class_list":["post-1705","page","type-page","status-publish","has-post-thumbnail","hentry"],"yoast_head":"<!-- This site is optimized with the Yoast SEO plugin v27.5 - https:\/\/yoast.com\/product\/yoast-seo-wordpress\/ -->\n<title>Impressum - Wildnishaus<\/title>\n<meta name=\"description\" content=\"Die europ\u00e4ische Kommission stellt eine Plattform zur Online-Streitbeteiligung (OS) Unsere E-Mail Adresse finden Sie oben im Impressum.\" \/>\n<meta name=\"robots\" content=\"index, follow, max-snippet:-1, max-image-preview:large, max-video-preview:-1\" \/>\n<link rel=\"canonical\" href=\"https:\/\/wildnishaus.de\/nl\/impressum\/\" \/>\n<meta property=\"og:locale\" content=\"nl_NL\" \/>\n<meta property=\"og:type\" content=\"article\" \/>\n<meta property=\"og:title\" content=\"Impressum - Wildnishaus\" \/>\n<meta property=\"og:description\" content=\"Die europ\u00e4ische Kommission stellt eine Plattform zur Online-Streitbeteiligung (OS) Unsere E-Mail Adresse finden Sie oben im Impressum.\" \/>\n<meta property=\"og:url\" content=\"https:\/\/wildnishaus.de\/nl\/impressum\/\" \/>\n<meta property=\"og:site_name\" content=\"Wildnishaus\" \/>\n<meta property=\"article:modified_time\" content=\"2023-02-07T13:38:33+00:00\" \/>\n<meta property=\"og:image\" content=\"https:\/\/wildnishaus.de\/wp-content\/uploads\/2022\/09\/DSC_5962-header-Wildnishaus.jpg\" \/>\n\t<meta property=\"og:image:width\" content=\"1920\" \/>\n\t<meta property=\"og:image:height\" content=\"1080\" \/>\n\t<meta property=\"og:image:type\" content=\"image\/jpeg\" \/>\n<meta name=\"twitter:card\" content=\"summary_large_image\" \/>\n<meta name=\"twitter:label1\" content=\"Geschatte leestijd\" \/>\n\t<meta name=\"twitter:data1\" content=\"3 minuten\" \/>\n<script type=\"application\/ld+json\" class=\"yoast-schema-graph\">{\"@context\":\"https:\\\/\\\/schema.org\",\"@graph\":[{\"@type\":\"WebPage\",\"@id\":\"https:\\\/\\\/wildnishaus.de\\\/nl\\\/impressum\\\/\",\"url\":\"https:\\\/\\\/wildnishaus.de\\\/nl\\\/impressum\\\/\",\"name\":\"Impressum - Wildnishaus\",\"isPartOf\":{\"@id\":\"https:\\\/\\\/wildnishaus.de\\\/nl\\\/#website\"},\"primaryImageOfPage\":{\"@id\":\"https:\\\/\\\/wildnishaus.de\\\/nl\\\/impressum\\\/#primaryimage\"},\"image\":{\"@id\":\"https:\\\/\\\/wildnishaus.de\\\/nl\\\/impressum\\\/#primaryimage\"},\"thumbnailUrl\":\"https:\\\/\\\/wildnishaus.de\\\/wp-content\\\/uploads\\\/2022\\\/09\\\/DSC_5962-header-Wildnishaus.jpg\",\"datePublished\":\"2022-12-20T18:56:17+00:00\",\"dateModified\":\"2023-02-07T13:38:33+00:00\",\"description\":\"Die europ\u00e4ische Kommission stellt eine Plattform zur Online-Streitbeteiligung (OS) Unsere E-Mail Adresse finden Sie oben im Impressum.\",\"breadcrumb\":{\"@id\":\"https:\\\/\\\/wildnishaus.de\\\/nl\\\/impressum\\\/#breadcrumb\"},\"inLanguage\":\"nl-NL\",\"potentialAction\":[{\"@type\":\"ReadAction\",\"target\":[\"https:\\\/\\\/wildnishaus.de\\\/nl\\\/impressum\\\/\"]}]},{\"@type\":\"ImageObject\",\"inLanguage\":\"nl-NL\",\"@id\":\"https:\\\/\\\/wildnishaus.de\\\/nl\\\/impressum\\\/#primaryimage\",\"url\":\"https:\\\/\\\/wildnishaus.de\\\/wp-content\\\/uploads\\\/2022\\\/09\\\/DSC_5962-header-Wildnishaus.jpg\",\"contentUrl\":\"https:\\\/\\\/wildnishaus.de\\\/wp-content\\\/uploads\\\/2022\\\/09\\\/DSC_5962-header-Wildnishaus.jpg\",\"width\":1920,\"height\":1080},{\"@type\":\"BreadcrumbList\",\"@id\":\"https:\\\/\\\/wildnishaus.de\\\/nl\\\/impressum\\\/#breadcrumb\",\"itemListElement\":[{\"@type\":\"ListItem\",\"position\":1,\"name\":\"Home\",\"item\":\"https:\\\/\\\/wildnishaus.de\\\/nl\\\/\"},{\"@type\":\"ListItem\",\"position\":2,\"name\":\"Impressum\"}]},{\"@type\":\"WebSite\",\"@id\":\"https:\\\/\\\/wildnishaus.de\\\/nl\\\/#website\",\"url\":\"https:\\\/\\\/wildnishaus.de\\\/nl\\\/\",\"name\":\"Wildnishaus\",\"description\":\"Familiehuis tot 20 personen\",\"publisher\":{\"@id\":\"https:\\\/\\\/wildnishaus.de\\\/nl\\\/#organization\"},\"potentialAction\":[{\"@type\":\"SearchAction\",\"target\":{\"@type\":\"EntryPoint\",\"urlTemplate\":\"https:\\\/\\\/wildnishaus.de\\\/nl\\\/?s={search_term_string}\"},\"query-input\":{\"@type\":\"PropertyValueSpecification\",\"valueRequired\":true,\"valueName\":\"search_term_string\"}}],\"inLanguage\":\"nl-NL\"},{\"@type\":\"Organization\",\"@id\":\"https:\\\/\\\/wildnishaus.de\\\/nl\\\/#organization\",\"name\":\"Wildnishaus\",\"url\":\"https:\\\/\\\/wildnishaus.de\\\/nl\\\/\",\"logo\":{\"@type\":\"ImageObject\",\"inLanguage\":\"nl-NL\",\"@id\":\"https:\\\/\\\/wildnishaus.de\\\/nl\\\/#\\\/schema\\\/logo\\\/image\\\/\",\"url\":\"https:\\\/\\\/wildnishaus.cloudproud.nl\\\/wp-content\\\/uploads\\\/2022\\\/09\\\/Logo-cirkel-Wildnishaus.png\",\"contentUrl\":\"https:\\\/\\\/wildnishaus.cloudproud.nl\\\/wp-content\\\/uploads\\\/2022\\\/09\\\/Logo-cirkel-Wildnishaus.png\",\"width\":240,\"height\":240,\"caption\":\"Wildnishaus\"},\"image\":{\"@id\":\"https:\\\/\\\/wildnishaus.de\\\/nl\\\/#\\\/schema\\\/logo\\\/image\\\/\"}}]}<\/script>\n<!-- \/ Yoast SEO plugin. -->","yoast_head_json":{"title":"Impressum - Wildnishaus","description":"Die europ\u00e4ische Kommission stellt eine Plattform zur Online-Streitbeteiligung (OS) Unsere E-Mail Adresse finden Sie oben im Impressum.","robots":{"index":"index","follow":"follow","max-snippet":"max-snippet:-1","max-image-preview":"max-image-preview:large","max-video-preview":"max-video-preview:-1"},"canonical":"https:\/\/wildnishaus.de\/nl\/impressum\/","og_locale":"nl_NL","og_type":"article","og_title":"Impressum - Wildnishaus","og_description":"Die europ\u00e4ische Kommission stellt eine Plattform zur Online-Streitbeteiligung (OS) Unsere E-Mail Adresse finden Sie oben im Impressum.","og_url":"https:\/\/wildnishaus.de\/nl\/impressum\/","og_site_name":"Wildnishaus","article_modified_time":"2023-02-07T13:38:33+00:00","og_image":[{"width":1920,"height":1080,"url":"https:\/\/wildnishaus.de\/wp-content\/uploads\/2022\/09\/DSC_5962-header-Wildnishaus.jpg","type":"image\/jpeg"}],"twitter_card":"summary_large_image","twitter_misc":{"Geschatte leestijd":"3 minuten"},"schema":{"@context":"https:\/\/schema.org","@graph":[{"@type":"WebPage","@id":"https:\/\/wildnishaus.de\/nl\/impressum\/","url":"https:\/\/wildnishaus.de\/nl\/impressum\/","name":"Impressum - Wildnishaus","isPartOf":{"@id":"https:\/\/wildnishaus.de\/nl\/#website"},"primaryImageOfPage":{"@id":"https:\/\/wildnishaus.de\/nl\/impressum\/#primaryimage"},"image":{"@id":"https:\/\/wildnishaus.de\/nl\/impressum\/#primaryimage"},"thumbnailUrl":"https:\/\/wildnishaus.de\/wp-content\/uploads\/2022\/09\/DSC_5962-header-Wildnishaus.jpg","datePublished":"2022-12-20T18:56:17+00:00","dateModified":"2023-02-07T13:38:33+00:00","description":"Die europ\u00e4ische Kommission stellt eine Plattform zur Online-Streitbeteiligung (OS) Unsere E-Mail Adresse finden Sie oben im Impressum.","breadcrumb":{"@id":"https:\/\/wildnishaus.de\/nl\/impressum\/#breadcrumb"},"inLanguage":"nl-NL","potentialAction":[{"@type":"ReadAction","target":["https:\/\/wildnishaus.de\/nl\/impressum\/"]}]},{"@type":"ImageObject","inLanguage":"nl-NL","@id":"https:\/\/wildnishaus.de\/nl\/impressum\/#primaryimage","url":"https:\/\/wildnishaus.de\/wp-content\/uploads\/2022\/09\/DSC_5962-header-Wildnishaus.jpg","contentUrl":"https:\/\/wildnishaus.de\/wp-content\/uploads\/2022\/09\/DSC_5962-header-Wildnishaus.jpg","width":1920,"height":1080},{"@type":"BreadcrumbList","@id":"https:\/\/wildnishaus.de\/nl\/impressum\/#breadcrumb","itemListElement":[{"@type":"ListItem","position":1,"name":"Home","item":"https:\/\/wildnishaus.de\/nl\/"},{"@type":"ListItem","position":2,"name":"Impressum"}]},{"@type":"WebSite","@id":"https:\/\/wildnishaus.de\/nl\/#website","url":"https:\/\/wildnishaus.de\/nl\/","name":"Wildnishaus","description":"Familiehuis tot 20 personen","publisher":{"@id":"https:\/\/wildnishaus.de\/nl\/#organization"},"potentialAction":[{"@type":"SearchAction","target":{"@type":"EntryPoint","urlTemplate":"https:\/\/wildnishaus.de\/nl\/?s={search_term_string}"},"query-input":{"@type":"PropertyValueSpecification","valueRequired":true,"valueName":"search_term_string"}}],"inLanguage":"nl-NL"},{"@type":"Organization","@id":"https:\/\/wildnishaus.de\/nl\/#organization","name":"Wildnishaus","url":"https:\/\/wildnishaus.de\/nl\/","logo":{"@type":"ImageObject","inLanguage":"nl-NL","@id":"https:\/\/wildnishaus.de\/nl\/#\/schema\/logo\/image\/","url":"https:\/\/wildnishaus.cloudproud.nl\/wp-content\/uploads\/2022\/09\/Logo-cirkel-Wildnishaus.png","contentUrl":"https:\/\/wildnishaus.cloudproud.nl\/wp-content\/uploads\/2022\/09\/Logo-cirkel-Wildnishaus.png","width":240,"height":240,"caption":"Wildnishaus"},"image":{"@id":"https:\/\/wildnishaus.de\/nl\/#\/schema\/logo\/image\/"}}]}},"_links":{"self":[{"href":"https:\/\/wildnishaus.de\/nl\/wp-json\/wp\/v2\/pages\/1705","targetHints":{"allow":["GET"]}}],"collection":[{"href":"https:\/\/wildnishaus.de\/nl\/wp-json\/wp\/v2\/pages"}],"about":[{"href":"https:\/\/wildnishaus.de\/nl\/wp-json\/wp\/v2\/types\/page"}],"author":[{"embeddable":true,"href":"https:\/\/wildnishaus.de\/nl\/wp-json\/wp\/v2\/users\/1"}],"replies":[{"embeddable":true,"href":"https:\/\/wildnishaus.de\/nl\/wp-json\/wp\/v2\/comments?post=1705"}],"version-history":[{"count":4,"href":"https:\/\/wildnishaus.de\/nl\/wp-json\/wp\/v2\/pages\/1705\/revisions"}],"predecessor-version":[{"id":2311,"href":"https:\/\/wildnishaus.de\/nl\/wp-json\/wp\/v2\/pages\/1705\/revisions\/2311"}],"wp:featuredmedia":[{"embeddable":true,"href":"https:\/\/wildnishaus.de\/nl\/wp-json\/wp\/v2\/media\/33"}],"wp:attachment":[{"href":"https:\/\/wildnishaus.de\/nl\/wp-json\/wp\/v2\/media?parent=1705"}],"curies":[{"name":"wp","href":"https:\/\/api.w.org\/{rel}","templated":true}]}}